{"id":18,"date":"2014-04-08T17:01:45","date_gmt":"2014-04-08T15:01:45","guid":{"rendered":"http:\/\/www.koerper-im-einklang.com\/?page_id=18"},"modified":"2014-04-08T17:05:53","modified_gmt":"2014-04-08T15:05:53","slug":"wann-hilft-kinesiologie","status":"publish","type":"page","link":"http:\/\/www.koerper-im-einklang.com\/?page_id=18","title":{"rendered":"Wann hilft Kinesiologie?"},"content":{"rendered":"<p><span style=\"line-height: 1.5;\">\u201eGesundheit ist k\u00f6rperliche, geistige und seelische Harmonie!\u201c<\/span><\/p>\n<p><strong>\u2013 Dr. John Thie<\/strong><\/p>\n<p><strong>K\u00f6rper:<\/strong><\/p>\n<p>bei allen Krankheiten unterst\u00fctzt Kinesiologie die Behandlung des Arztes<br \/>\nbei Unvertr\u00e4glichkeiten (Heuschnupfen, Lebensmittel,&#8230;)<br \/>\nR\u00fcckenschmerzen<br \/>\nbei st\u00e4ndiger M\u00fcdigkeit und Energieabfall<br \/>\nverspannten Muskeln<br \/>\nKopfschmerzen<\/p>\n<p><strong>Geist:<\/strong><\/p>\n<p>bessere Konzentration<br \/>\nProbleme aus einer entspannteren Sicht sehen<br \/>\nschwierige Lernsituationen meistern<br \/>\nmehr Gelassenheit gegen\u00fcber den eigenen Kindern und der eigenen Person<br \/>\nnach einigen Misserfolgen, wieder mit neuem Mut durchstarten<br \/>\nzum eigenen Gehirnpotential finden<br \/>\nLernblockaden abbauen<br \/>\nHilfe bei S\u00fcchten<\/p>\n<p><strong>Seele:<\/strong><\/p>\n<p>Selbstwert st\u00e4rken<br \/>\nneuen Mut sch\u00f6pfen<br \/>\nruhiger und gelassener werden<br \/>\naus alten Fehlern lernen<br \/>\nSchlafst\u00f6rungen<br \/>\nStressabbau<br \/>\nEnergieaufbau<br \/>\nKinesiologie ist f\u00fcr alle Alterstufen geeignet und kann auch zus\u00e4tzlich zu allen anderen Therapien angewendet werden.<\/p>\n<p>Kinesiologie stellt keinen Ersatz f\u00fcr die \u00e4rztliche Diagnose und Behandlung dar.<\/p>\n","protected":false},"excerpt":{"rendered":"<p>\u201eGesundheit ist k\u00f6rperliche, geistige und seelische Harmonie!\u201c \u2013 Dr. John Thie K\u00f6rper: bei allen Krankheiten unterst\u00fctzt Kinesiologie die Behandlung des Arztes bei Unvertr\u00e4glichkeiten (Heuschnupfen, Lebensmittel,&#8230;) R\u00fcckenschmerzen bei st\u00e4ndiger M\u00fcdigkeit und Energieabfall verspannten Muskeln Kopfschmerzen Geist: bessere Konzentration Probleme aus einer entspannteren Sicht sehen schwierige Lernsituationen meistern mehr Gelassenheit gegen\u00fcber den eigenen Kindern und der eigenen &hellip; <a href=\"http:\/\/www.koerper-im-einklang.com\/?page_id=18\" class=\"more-link\"><span class=\"screen-reader-text\">Wann hilft Kinesiologie?<\/span> weiterlesen <span class=\"meta-nav\">&rarr;<\/span><\/a><\/p>\n","protected":false},"author":1,"featured_media":0,"parent":0,"menu_order":2,"comment_status":"closed","ping_status":"closed","template":"","meta":{"footnotes":""},"class_list":["post-18","page","type-page","status-publish","hentry"],"_links":{"self":[{"href":"http:\/\/www.koerper-im-einklang.com\/index.php?rest_route=\/wp\/v2\/pages\/18","targetHints":{"allow":["GET"]}}],"collection":[{"href":"http:\/\/www.koerper-im-einklang.com\/index.php?rest_route=\/wp\/v2\/pages"}],"about":[{"href":"http:\/\/www.koerper-im-einklang.com\/index.php?rest_route=\/wp\/v2\/types\/page"}],"author":[{"embeddable":true,"href":"http:\/\/www.koerper-im-einklang.com\/index.php?rest_route=\/wp\/v2\/users\/1"}],"replies":[{"embeddable":true,"href":"http:\/\/www.koerper-im-einklang.com\/index.php?rest_route=%2Fwp%2Fv2%2Fcomments&post=18"}],"version-history":[{"count":2,"href":"http:\/\/www.koerper-im-einklang.com\/index.php?rest_route=\/wp\/v2\/pages\/18\/revisions"}],"predecessor-version":[{"id":24,"href":"http:\/\/www.koerper-im-einklang.com\/index.php?rest_route=\/wp\/v2\/pages\/18\/revisions\/24"}],"wp:attachment":[{"href":"http:\/\/www.koerper-im-einklang.com\/index.php?rest_route=%2Fwp%2Fv2%2Fmedia&parent=18"}],"curies":[{"name":"wp","href":"https:\/\/api.w.org\/{rel}","templated":true}]}}