{"id":29,"date":"2014-04-08T17:20:15","date_gmt":"2014-04-08T15:20:15","guid":{"rendered":"http:\/\/www.koerper-im-einklang.com\/?page_id=29"},"modified":"2022-12-17T12:14:09","modified_gmt":"2022-12-17T10:14:09","slug":"kontakt","status":"publish","type":"page","link":"http:\/\/www.koerper-im-einklang.com\/?page_id=29","title":{"rendered":"Kontakt"},"content":{"rendered":"<p>Angelika Honeder<br \/>\nKinesiologie<br \/>\nIhr K\u00f6rper im Einklang<br \/>\nGartenstra\u00dfe 9<br \/>\n6912 H\u00f6rbranz<br \/>\n\u00d6sterreich<\/p>\n<p>Telefon: +43 (0)664 486 46 70<br \/>\neMail: angelika@honeder.net<\/p>\n<blockquote class=\"wp-embedded-content\" data-secret=\"OsInxtMcQq\"><p><a href=\"http:\/\/www.koerper-im-einklang.com\/\">Wissenswertes \u00fcber mich<\/a><\/p><\/blockquote>\n<p><iframe loading=\"lazy\" class=\"wp-embedded-content\" sandbox=\"allow-scripts\" security=\"restricted\" style=\"position: absolute; visibility: hidden;\" title=\"&#8222;Wissenswertes \u00fcber mich&#8220; &#8212; Ihr Koerper im Einklang\" src=\"http:\/\/www.koerper-im-einklang.com\/?embed=true#?secret=t9tj3Bzejg#?secret=OsInxtMcQq\" data-secret=\"OsInxtMcQq\" width=\"474\" height=\"267\" frameborder=\"0\" marginwidth=\"0\" marginheight=\"0\" scrolling=\"no\"><\/iframe><\/p>\n","protected":false},"excerpt":{"rendered":"<p>Angelika Honeder Kinesiologie Ihr K\u00f6rper im Einklang Gartenstra\u00dfe 9 6912 H\u00f6rbranz \u00d6sterreich Telefon: +43 (0)664 486 46 70 eMail: angelika@honeder.net Wissenswertes \u00fcber mich<\/p>\n","protected":false},"author":1,"featured_media":0,"parent":0,"menu_order":11,"comment_status":"closed","ping_status":"closed","template":"","meta":{"footnotes":""},"class_list":["post-29","page","type-page","status-publish","hentry"],"_links":{"self":[{"href":"http:\/\/www.koerper-im-einklang.com\/index.php?rest_route=\/wp\/v2\/pages\/29","targetHints":{"allow":["GET"]}}],"collection":[{"href":"http:\/\/www.koerper-im-einklang.com\/index.php?rest_route=\/wp\/v2\/pages"}],"about":[{"href":"http:\/\/www.koerper-im-einklang.com\/index.php?rest_route=\/wp\/v2\/types\/page"}],"author":[{"embeddable":true,"href":"http:\/\/www.koerper-im-einklang.com\/index.php?rest_route=\/wp\/v2\/users\/1"}],"replies":[{"embeddable":true,"href":"http:\/\/www.koerper-im-einklang.com\/index.php?rest_route=%2Fwp%2Fv2%2Fcomments&post=29"}],"version-history":[{"count":3,"href":"http:\/\/www.koerper-im-einklang.com\/index.php?rest_route=\/wp\/v2\/pages\/29\/revisions"}],"predecessor-version":[{"id":51,"href":"http:\/\/www.koerper-im-einklang.com\/index.php?rest_route=\/wp\/v2\/pages\/29\/revisions\/51"}],"wp:attachment":[{"href":"http:\/\/www.koerper-im-einklang.com\/index.php?rest_route=%2Fwp%2Fv2%2Fmedia&parent=29"}],"curies":[{"name":"wp","href":"https:\/\/api.w.org\/{rel}","templated":true}]}}