{"id":22,"date":"2014-04-08T17:04:22","date_gmt":"2014-04-08T15:04:22","guid":{"rendered":"http:\/\/www.koerper-im-einklang.com\/?page_id=22"},"modified":"2014-04-08T17:04:22","modified_gmt":"2014-04-08T15:04:22","slug":"wie-hilft-kinesiologie-2","status":"publish","type":"page","link":"https:\/\/www.koerper-im-einklang.com\/?page_id=22","title":{"rendered":"Wie hilft Kinesiologie?"},"content":{"rendered":"<p><span style=\"line-height: 1.5;\">Kinesiologie ist ein ganzheitliches System, das uns hilft ins Gleichgewicht zu kommen. Unser Energiesystem wird ausgeglichen und unsere Selbstheilkr\u00e4fte werden aktiviert. Kinesiologie hilft uns, unser Potential zu erschlie\u00dfen und unterst\u00fctzt uns in unserem pers\u00f6nlichen Wachstum.<\/span><\/p>\n<p>Emotionaler Stress wird abgebaut und wir k\u00f6nnen mit unseren Problemen anderst umgehen. Unsere Umwelt k\u00f6nnen wir nicht \u00e4ndern, aber unsere Sicht der Dinge.<\/p>\n<p>Unsere Welt ist so, wie wir sie sehen, und sie ver\u00e4ndert sich in dem Ma\u00dfe, wie wir uns ver\u00e4ndern.<\/p>\n","protected":false},"excerpt":{"rendered":"<p>Kinesiologie ist ein ganzheitliches System, das uns hilft ins Gleichgewicht zu kommen. Unser Energiesystem wird ausgeglichen und unsere Selbstheilkr\u00e4fte werden aktiviert. Kinesiologie hilft uns, unser Potential zu erschlie\u00dfen und unterst\u00fctzt uns in unserem pers\u00f6nlichen Wachstum. Emotionaler Stress wird abgebaut und wir k\u00f6nnen mit unseren Problemen anderst umgehen. Unsere Umwelt k\u00f6nnen wir nicht \u00e4ndern, aber unsere &hellip; <a href=\"https:\/\/www.koerper-im-einklang.com\/?page_id=22\" class=\"more-link\"><span class=\"screen-reader-text\">Wie hilft Kinesiologie?<\/span> weiterlesen <span class=\"meta-nav\">&rarr;<\/span><\/a><\/p>\n","protected":false},"author":1,"featured_media":0,"parent":0,"menu_order":1,"comment_status":"closed","ping_status":"closed","template":"","meta":{"footnotes":""},"class_list":["post-22","page","type-page","status-publish","hentry"],"_links":{"self":[{"href":"https:\/\/www.koerper-im-einklang.com\/index.php?rest_route=\/wp\/v2\/pages\/22","targetHints":{"allow":["GET"]}}],"collection":[{"href":"https:\/\/www.koerper-im-einklang.com\/index.php?rest_route=\/wp\/v2\/pages"}],"about":[{"href":"https:\/\/www.koerper-im-einklang.com\/index.php?rest_route=\/wp\/v2\/types\/page"}],"author":[{"embeddable":true,"href":"https:\/\/www.koerper-im-einklang.com\/index.php?rest_route=\/wp\/v2\/users\/1"}],"replies":[{"embeddable":true,"href":"https:\/\/www.koerper-im-einklang.com\/index.php?rest_route=%2Fwp%2Fv2%2Fcomments&post=22"}],"version-history":[{"count":1,"href":"https:\/\/www.koerper-im-einklang.com\/index.php?rest_route=\/wp\/v2\/pages\/22\/revisions"}],"predecessor-version":[{"id":23,"href":"https:\/\/www.koerper-im-einklang.com\/index.php?rest_route=\/wp\/v2\/pages\/22\/revisions\/23"}],"wp:attachment":[{"href":"https:\/\/www.koerper-im-einklang.com\/index.php?rest_route=%2Fwp%2Fv2%2Fmedia&parent=22"}],"curies":[{"name":"wp","href":"https:\/\/api.w.org\/{rel}","templated":true}]}}