{"id":25,"date":"2014-04-08T17:16:03","date_gmt":"2014-04-08T15:16:03","guid":{"rendered":"http:\/\/www.koerper-im-einklang.com\/?page_id=25"},"modified":"2024-10-11T19:59:22","modified_gmt":"2024-10-11T17:59:22","slug":"wie-wird-getestet","status":"publish","type":"page","link":"https:\/\/www.koerper-im-einklang.com\/?page_id=25","title":{"rendered":"Wie wird getestet?"},"content":{"rendered":"<p><span style=\"line-height: 1.5;\">\u201eDer K\u00f6rper ist der \u00dcbersetzer der Seele ins Sichtbare\u201c<\/span><\/p>\n<p><strong>&#8211; Christian Morgenstern<\/strong>.<\/p>\n<p>Unser K\u00f6rper spiegelt wieder, wie wir uns f\u00fchlen und was wir denken. Jeder hat es schon erlebt, wie er in einer Schrecksekunde weiche Knie bekommen hat, wie wir uns k\u00f6rperlich schwach f\u00fchlen, wenn wir eine schlechte Nachricht bekommen, wie der Magen schmerzt, wenn wir uns aufregen,&#8230;<br \/>\nDiese Reaktionen werden vom autonomen Nervensystem gesteuert, welches wir nicht unter Kontrolle haben.<\/p>\n<p>Diese Reaktionen unseres K\u00f6rpers werden beim kinesiologischen Muskeltest verwendet. Er ist ein R\u00fcckmeldesystem \u00fcber physische und psychische Vorg\u00e4nge im K\u00f6rper. Er hat Zugriff zu den \u201ezellul\u00e4ren Erinnerungen des K\u00f6rpers&#8220; und bietet auf diesem Weg mehr Erkenntnisse als man \u00fcber das Nachdenken bekommen k\u00f6nnte.<\/p>\n<p>Ein anderer Vorteil des Muskeltests ist, dass der Getestete selbst die Testergebnisse sp\u00fcrt und die Korrektur \u00fcberpr\u00fcfen kann.<\/p>\n<p><strong>Vorgehensweise:<\/strong><\/p>\n<p>Die getestete Person wird aufgefordert einen Arm oder ein Bein gegen den Druck der testenden Person an seinem Platz zu halten. Dies ist das Ma\u00df der Kraft, das der Getestete einsetzen muss. Findet nun irgendeine Form von \u201eStress&#8220; statt, so sp\u00fcrt der Getestete, dass er wesentlich mehr Kraft aufwenden muss um dem Testdruck standzuhalten.<\/p>\n","protected":false},"excerpt":{"rendered":"<p>\u201eDer K\u00f6rper ist der \u00dcbersetzer der Seele ins Sichtbare\u201c &#8211; Christian Morgenstern. Unser K\u00f6rper spiegelt wieder, wie wir uns f\u00fchlen und was wir denken. Jeder hat es schon erlebt, wie er in einer Schrecksekunde weiche Knie bekommen hat, wie wir uns k\u00f6rperlich schwach f\u00fchlen, wenn wir eine schlechte Nachricht bekommen, wie der Magen schmerzt, wenn &hellip; <a href=\"https:\/\/www.koerper-im-einklang.com\/?page_id=25\" class=\"more-link\"><span class=\"screen-reader-text\">Wie wird getestet?<\/span> weiterlesen <span class=\"meta-nav\">&rarr;<\/span><\/a><\/p>\n","protected":false},"author":1,"featured_media":0,"parent":0,"menu_order":3,"comment_status":"closed","ping_status":"closed","template":"","meta":{"footnotes":""},"class_list":["post-25","page","type-page","status-publish","hentry"],"_links":{"self":[{"href":"https:\/\/www.koerper-im-einklang.com\/index.php?rest_route=\/wp\/v2\/pages\/25","targetHints":{"allow":["GET"]}}],"collection":[{"href":"https:\/\/www.koerper-im-einklang.com\/index.php?rest_route=\/wp\/v2\/pages"}],"about":[{"href":"https:\/\/www.koerper-im-einklang.com\/index.php?rest_route=\/wp\/v2\/types\/page"}],"author":[{"embeddable":true,"href":"https:\/\/www.koerper-im-einklang.com\/index.php?rest_route=\/wp\/v2\/users\/1"}],"replies":[{"embeddable":true,"href":"https:\/\/www.koerper-im-einklang.com\/index.php?rest_route=%2Fwp%2Fv2%2Fcomments&post=25"}],"version-history":[{"count":2,"href":"https:\/\/www.koerper-im-einklang.com\/index.php?rest_route=\/wp\/v2\/pages\/25\/revisions"}],"predecessor-version":[{"id":59,"href":"https:\/\/www.koerper-im-einklang.com\/index.php?rest_route=\/wp\/v2\/pages\/25\/revisions\/59"}],"wp:attachment":[{"href":"https:\/\/www.koerper-im-einklang.com\/index.php?rest_route=%2Fwp%2Fv2%2Fmedia&parent=25"}],"curies":[{"name":"wp","href":"https:\/\/api.w.org\/{rel}","templated":true}]}}