{"id":27,"date":"2014-04-08T17:17:16","date_gmt":"2014-04-08T15:17:16","guid":{"rendered":"http:\/\/www.koerper-im-einklang.com\/?page_id=27"},"modified":"2024-10-11T20:02:33","modified_gmt":"2024-10-11T18:02:33","slug":"ethische-grundsaetze","status":"publish","type":"page","link":"https:\/\/www.koerper-im-einklang.com\/?page_id=27","title":{"rendered":"Ethische Grunds\u00e4tze"},"content":{"rendered":"<p><span style=\"line-height: 1.5;\">\u00fcbernommen aus: Ethische Grundlagen der deutschen Gesellschaft f\u00fcr Angewandte Kinesiologie<\/span><br \/>\nIch bin mir dar\u00fcber im klaren, dass kinesiologische Balancen partnerschaftlich sein sollen.<br \/>\nGemeinsam mit dem Klienten gehe ich durch den Themenbereich. Nicht nach dem Motto: \u201eIch weiss, was gut f\u00fcr dich ist\u201c, sondern: \u201eIch will dir dabei helfen, dass du die beste M\u00f6glichkeit f\u00fcr dich selbst findest.\u201c<br \/>\nDie Verantwortung bei einer Balance tr\u00e4gt der Klient. Er soll autonom bleiben. Dazu geh\u00f6rt, dass er in der Lage ist, sich selbst Feedback zu geben. Aus diesem Grund werde ich z.B. grunds\u00e4tzlich nicht leise testen.<br \/>\nIch mache meinem Klienten klar, dass der Muskeltest ein Feedback von ihm selbst ist. Nicht ich finde per Muskeltest heraus, dass&#8230;, sondern sein K\u00f6rper reagiert, und zwar zeigt er entweder Stress zu einer Sache oder nicht. Wir testen in erster Linie auf der Stressebene. Der Muskeltest soll nicht die Entscheidung selbst, sondern eine Hilfe bei der Entscheidung sein. Die Ergebnisse einer Balance sollen transparent und klar sein, so dass nachvollzogen werden kann, was sich ver\u00e4ndert hat.<\/p>\n<p>Ebenso soll die Problematik des Klienten ihm selbst transparent und klar werden. Entscheidend f\u00fcr den Erfolg der Balance ist, dass der richtige \u201ePunkt\u201c getroffen wird. Deshalb werde ich gut zuh\u00f6ren, damit ich bei der Suche nach dem Punkt helfen kann.<\/p>\n<p>Ich bin mir bewusst, dass kinesiologische Tests ihre Grenzen haben. Obwohl ich \u00fcber den Muskeltest immer ein \u201eErgebnis\u201c erhalte, kann meine Interpretation der \u201eAntwort\u201c unter Umst\u00e4nden eine falsche sein.<br \/>\nIch werde die allgemeine Schweigepflicht beachten. Was ich aus der Arbeit mit einem Klienten \u00fcber ihn erfahre, geht keinen Dritten etwas an.<br \/>\nIch wei\u00df, dass Medikamente in die H\u00e4nde eines Arztes geh\u00f6ren.<br \/>\nIch werde nicht diagnostizieren, verschreiben oder Krankheiten behandeln, es sei denn, ich besitze die daf\u00fcr notwendige Zulassung als Arzt, Zahnarzt oder Heilpraktiker.<\/p>\n<p>Ich \u00fcbernehme die Verantwortung daf\u00fcr, dass ich meine pers\u00f6nlichen und beruflichen F\u00e4higkeiten und Grenzen beachte.<\/p>\n","protected":false},"excerpt":{"rendered":"<p>\u00fcbernommen aus: Ethische Grundlagen der deutschen Gesellschaft f\u00fcr Angewandte Kinesiologie Ich bin mir dar\u00fcber im klaren, dass kinesiologische Balancen partnerschaftlich sein sollen. Gemeinsam mit dem Klienten gehe ich durch den Themenbereich. Nicht nach dem Motto: \u201eIch weiss, was gut f\u00fcr dich ist\u201c, sondern: \u201eIch will dir dabei helfen, dass du die beste M\u00f6glichkeit f\u00fcr dich &hellip; <a href=\"https:\/\/www.koerper-im-einklang.com\/?page_id=27\" class=\"more-link\"><span class=\"screen-reader-text\">Ethische Grunds\u00e4tze<\/span> weiterlesen <span class=\"meta-nav\">&rarr;<\/span><\/a><\/p>\n","protected":false},"author":1,"featured_media":0,"parent":0,"menu_order":4,"comment_status":"closed","ping_status":"closed","template":"","meta":{"footnotes":""},"class_list":["post-27","page","type-page","status-publish","hentry"],"_links":{"self":[{"href":"https:\/\/www.koerper-im-einklang.com\/index.php?rest_route=\/wp\/v2\/pages\/27","targetHints":{"allow":["GET"]}}],"collection":[{"href":"https:\/\/www.koerper-im-einklang.com\/index.php?rest_route=\/wp\/v2\/pages"}],"about":[{"href":"https:\/\/www.koerper-im-einklang.com\/index.php?rest_route=\/wp\/v2\/types\/page"}],"author":[{"embeddable":true,"href":"https:\/\/www.koerper-im-einklang.com\/index.php?rest_route=\/wp\/v2\/users\/1"}],"replies":[{"embeddable":true,"href":"https:\/\/www.koerper-im-einklang.com\/index.php?rest_route=%2Fwp%2Fv2%2Fcomments&post=27"}],"version-history":[{"count":3,"href":"https:\/\/www.koerper-im-einklang.com\/index.php?rest_route=\/wp\/v2\/pages\/27\/revisions"}],"predecessor-version":[{"id":61,"href":"https:\/\/www.koerper-im-einklang.com\/index.php?rest_route=\/wp\/v2\/pages\/27\/revisions\/61"}],"wp:attachment":[{"href":"https:\/\/www.koerper-im-einklang.com\/index.php?rest_route=%2Fwp%2Fv2%2Fmedia&parent=27"}],"curies":[{"name":"wp","href":"https:\/\/api.w.org\/{rel}","templated":true}]}}