{"id":6,"date":"2014-04-07T09:16:17","date_gmt":"2014-04-07T07:16:17","guid":{"rendered":"http:\/\/www.koerper-im-einklang.com\/?page_id=6"},"modified":"2026-02-10T17:54:48","modified_gmt":"2026-02-10T15:54:48","slug":"wissenswertes-ueber-mich","status":"publish","type":"page","link":"https:\/\/www.koerper-im-einklang.com\/","title":{"rendered":"Wissenswertes \u00fcber mich"},"content":{"rendered":"<p><a href=\"http:\/\/www.koerper-im-einklang.com\/wp-content\/uploads\/2014\/04\/11.jpg\"><img loading=\"lazy\" decoding=\"async\" class=\"wp-image-36  alignright\" src=\"http:\/\/www.koerper-im-einklang.com\/wp-content\/uploads\/2014\/04\/11-300x288.jpg\" alt=\"\" width=\"189\" height=\"182\" srcset=\"https:\/\/www.koerper-im-einklang.com\/wp-content\/uploads\/2014\/04\/11-300x288.jpg 300w, https:\/\/www.koerper-im-einklang.com\/wp-content\/uploads\/2014\/04\/11-1024x984.jpg 1024w, https:\/\/www.koerper-im-einklang.com\/wp-content\/uploads\/2014\/04\/11.jpg 1705w\" sizes=\"auto, (max-width: 189px) 100vw, 189px\" \/><\/a><\/p>\n<p>Meine Interessen galten immer schon den alternativen Heilmethoden, so machte ich Kurse f\u00fcr die Anwendung und Diagnostik der Sch\u00fcssler-Salze;<br \/>\nIch besuchte Workshops f\u00fcr Fussreflexzonenmassage und Ganzk\u00f6rpermassage, sowie Shiatsu-Massage f\u00fcr den Hausgebrauch.<br \/>\nIch nahm an einem Kabbala-Lebensanalyse-Workshop teil und lernte hier wiederum die Verbindungen zu den Sch\u00fcssler-Salzen.<\/p>\n<p>Nach meiner Karenzzeit begann ich die Ausbildung zur Kinesiologin &#8211; Details siehe in der unteren Auflistung.<\/p>\n<p>Mit meinen Kindern ergab es sich, dass ich eine Ausbildung als Eltern-Kind-Vorturnerin machen konnte und mit dem heranwachsen meiner Spr\u00f6sslinge wurde mir immer klarer, dass zur Kinesiologie auch die Lernberatung eine wesentliche Unterst\u00fctzung, bei der F\u00f6rderung der Schulkinder, beitragen konnte, somit machte ich im WIFI-Dornbirn die Ausbildung zur Klipp&amp;Klar &#8211; Lernberaterin.<\/p>\n","protected":false},"excerpt":{"rendered":"<p>Meine Interessen galten immer schon den alternativen Heilmethoden, so machte ich Kurse f\u00fcr die Anwendung und Diagnostik der Sch\u00fcssler-Salze; Ich besuchte Workshops f\u00fcr Fussreflexzonenmassage und Ganzk\u00f6rpermassage, sowie Shiatsu-Massage f\u00fcr den Hausgebrauch. Ich nahm an einem Kabbala-Lebensanalyse-Workshop teil und lernte hier wiederum die Verbindungen zu den Sch\u00fcssler-Salzen. Nach meiner Karenzzeit begann ich die Ausbildung zur Kinesiologin &hellip; <a href=\"https:\/\/www.koerper-im-einklang.com\/\" class=\"more-link\"><span class=\"screen-reader-text\">Wissenswertes \u00fcber mich<\/span> weiterlesen <span class=\"meta-nav\">&rarr;<\/span><\/a><\/p>\n","protected":false},"author":1,"featured_media":0,"parent":0,"menu_order":0,"comment_status":"closed","ping_status":"closed","template":"","meta":{"footnotes":""},"class_list":["post-6","page","type-page","status-publish","hentry"],"_links":{"self":[{"href":"https:\/\/www.koerper-im-einklang.com\/index.php?rest_route=\/wp\/v2\/pages\/6","targetHints":{"allow":["GET"]}}],"collection":[{"href":"https:\/\/www.koerper-im-einklang.com\/index.php?rest_route=\/wp\/v2\/pages"}],"about":[{"href":"https:\/\/www.koerper-im-einklang.com\/index.php?rest_route=\/wp\/v2\/types\/page"}],"author":[{"embeddable":true,"href":"https:\/\/www.koerper-im-einklang.com\/index.php?rest_route=\/wp\/v2\/users\/1"}],"replies":[{"embeddable":true,"href":"https:\/\/www.koerper-im-einklang.com\/index.php?rest_route=%2Fwp%2Fv2%2Fcomments&post=6"}],"version-history":[{"count":5,"href":"https:\/\/www.koerper-im-einklang.com\/index.php?rest_route=\/wp\/v2\/pages\/6\/revisions"}],"predecessor-version":[{"id":63,"href":"https:\/\/www.koerper-im-einklang.com\/index.php?rest_route=\/wp\/v2\/pages\/6\/revisions\/63"}],"wp:attachment":[{"href":"https:\/\/www.koerper-im-einklang.com\/index.php?rest_route=%2Fwp%2Fv2%2Fmedia&parent=6"}],"curies":[{"name":"wp","href":"https:\/\/api.w.org\/{rel}","templated":true}]}}